{"id":276,"date":"2017-01-01T14:27:01","date_gmt":"2017-01-01T13:27:01","guid":{"rendered":"https:\/\/luellarigaud.wordpress.com\/?page_id=4"},"modified":"2020-01-28T16:07:21","modified_gmt":"2020-01-28T15:07:21","slug":"contact","status":"publish","type":"page","link":"https:\/\/luellarigaud.com\/en\/contact\/","title":{"rendered":"Contact"},"content":{"rendered":"<h6 style=\"text-align: center;\"><img loading=\"lazy\" decoding=\"async\" data-attachment-id=\"712\" data-permalink=\"https:\/\/luellarigaud.com\/en\/contact\/portrait-luella-rigaud2\/#main\" data-orig-file=\"https:\/\/luellarigaud.com\/wp-content\/uploads\/2017\/06\/portrait-luella-rigaud2.jpg\" data-orig-size=\"687,948\" data-comments-opened=\"0\" data-image-meta=\"{&quot;aperture&quot;:&quot;0&quot;,&quot;credit&quot;:&quot;&quot;,&quot;camera&quot;:&quot;NIKON D700&quot;,&quot;caption&quot;:&quot;&quot;,&quot;created_timestamp&quot;:&quot;1394208058&quot;,&quot;copyright&quot;:&quot;&quot;,&quot;focal_length&quot;:&quot;0&quot;,&quot;iso&quot;:&quot;800&quot;,&quot;shutter_speed&quot;:&quot;0.008&quot;,&quot;title&quot;:&quot;&quot;,&quot;orientation&quot;:&quot;1&quot;}\" data-image-title=\"\" data-image-description=\"\" data-image-caption=\"\" data-large-file=\"https:\/\/luellarigaud.com\/wp-content\/uploads\/2017\/06\/portrait-luella-rigaud2.jpg\" class=\"aligncenter wp-image-712\" src=\"https:\/\/luellarigaud.com\/wp-content\/uploads\/2017\/06\/portrait-luella-rigaud2.jpg?w=217\" alt=\"\" width=\"234\" height=\"310\" \/><\/h6>\n<p style=\"text-align: center;\"><em>Photographe Alexandre P\u00e9raud<\/em><\/p>\n<h2><\/h2>\n<h2><\/h2>\n<p>&nbsp;<\/p>\n<h2>Des projets ?<\/h2>\n<p>Besoin d\u2019une artiste ? Pour une collaboration,\u00a0 la r\u00e9alisation d\u2019illustrations, de textes, de mode, pour la cr\u00e9ation de d\u00e9cors, de motifs ?<\/p>\n<p>Besoin d\u2019une auteur ?\u00a0 Pour raconter un \u00e9v\u00e9nement, un d\u00e9fil\u00e9, une histoire ?<\/p>\n<p>Besoin d\u2019une styliste ? Pour un film, un court-m\u00e9trage, un clip, une pi\u00e8ce de th\u00e9\u00e2tre ? Une collection de mode, un d\u00e9fil\u00e9, un shooting ?<\/p>\n<p>Besoin d&#8217;une graphiste? Pour l&#8217;\u00e9dition, la publicit\u00e9, la communication, le design, la mode, le monde du spectacle ?<\/p>\n<p>N\u2019h\u00e9sitez pas \u00e0 me contacter !<\/p>\n<p>&nbsp;<\/p>\n<p>[contact-form][contact-field label=&#8221;Nom&#8221; type=&#8221;name&#8221; \/][contact-field label=&#8221;Adresse e-mail&#8221; type=&#8221;email&#8221; required=&#8221;1&#8243; \/][contact-field label=&#8221;Message&#8221; type=&#8221;text&#8221; required=&#8221;1&#8243; \/][\/contact-form]<\/p>\n","protected":false},"excerpt":{"rendered":"<p>Ceci est un petit extrait destin\u00e9 \u00e0 la &nbsp;page \u00ab Contact \u00bb.<\/p>\n","protected":false},"author":1,"featured_media":0,"parent":0,"menu_order":3,"comment_status":"closed","ping_status":"closed","template":"","meta":{"jetpack_post_was_ever_published":false,"footnotes":""},"class_list":["post-276","page","type-page","status-publish","hentry"],"jetpack_sharing_enabled":false,"jetpack_shortlink":"https:\/\/wp.me\/P9V5Vz-4s","jetpack-related-posts":[{"id":275,"url":"https:\/\/luellarigaud.com\/en\/a-propos\/","url_meta":{"origin":276,"position":0},"title":"Luella","author":"L R","date":"Saturday December 31st, 2016","format":false,"excerpt":"Ceci est un petit extrait destin\u00e9 \u00e0 la \u00a0page \u00ab \u00c0 propos \u00bb.","rel":"","context":"Similar post","block_context":{"text":"Similar post","link":""},"img":{"alt_text":"","src":"https:\/\/i0.wp.com\/luellarigaud.com\/wp-content\/uploads\/2017\/06\/006.jpg?resize=350%2C200&ssl=1","width":350,"height":200,"srcset":"https:\/\/i0.wp.com\/luellarigaud.com\/wp-content\/uploads\/2017\/06\/006.jpg?resize=350%2C200&ssl=1 1x, https:\/\/i0.wp.com\/luellarigaud.com\/wp-content\/uploads\/2017\/06\/006.jpg?resize=525%2C300&ssl=1 1.5x, https:\/\/i0.wp.com\/luellarigaud.com\/wp-content\/uploads\/2017\/06\/006.jpg?resize=700%2C400&ssl=1 2x, https:\/\/i0.wp.com\/luellarigaud.com\/wp-content\/uploads\/2017\/06\/006.jpg?resize=1050%2C600&ssl=1 3x, https:\/\/i0.wp.com\/luellarigaud.com\/wp-content\/uploads\/2017\/06\/006.jpg?resize=1400%2C800&ssl=1 4x"},"classes":[]}],"_links":{"self":[{"href":"https:\/\/luellarigaud.com\/en\/wp-json\/wp\/v2\/pages\/276","targetHints":{"allow":["GET"]}}],"collection":[{"href":"https:\/\/luellarigaud.com\/en\/wp-json\/wp\/v2\/pages"}],"about":[{"href":"https:\/\/luellarigaud.com\/en\/wp-json\/wp\/v2\/types\/page"}],"author":[{"embeddable":true,"href":"https:\/\/luellarigaud.com\/en\/wp-json\/wp\/v2\/users\/1"}],"replies":[{"embeddable":true,"href":"https:\/\/luellarigaud.com\/en\/wp-json\/wp\/v2\/comments?post=276"}],"version-history":[{"count":3,"href":"https:\/\/luellarigaud.com\/en\/wp-json\/wp\/v2\/pages\/276\/revisions"}],"predecessor-version":[{"id":1297,"href":"https:\/\/luellarigaud.com\/en\/wp-json\/wp\/v2\/pages\/276\/revisions\/1297"}],"wp:attachment":[{"href":"https:\/\/luellarigaud.com\/en\/wp-json\/wp\/v2\/media?parent=276"}],"curies":[{"name":"wp","href":"https:\/\/api.w.org\/{rel}","templated":true}]}}