{"id":275,"date":"2016-12-31T14:27:02","date_gmt":"2016-12-31T13:27:02","guid":{"rendered":"https:\/\/luellarigaud.wordpress.com\/?page_id=3"},"modified":"2021-01-12T21:46:55","modified_gmt":"2021-01-12T20:46:55","slug":"a-propos","status":"publish","type":"page","link":"https:\/\/luellarigaud.com\/en\/a-propos\/","title":{"rendered":"Luella"},"content":{"rendered":"<p>&nbsp;<\/p>\n<p><img loading=\"lazy\" decoding=\"async\" data-attachment-id=\"705\" data-permalink=\"https:\/\/luellarigaud.com\/en\/a-propos\/attachment\/006\/#main\" data-orig-file=\"https:\/\/luellarigaud.com\/wp-content\/uploads\/2017\/06\/006.jpg\" data-orig-size=\"1978,1970\" data-comments-opened=\"0\" data-image-meta=\"{&quot;aperture&quot;:&quot;0&quot;,&quot;credit&quot;:&quot;&quot;,&quot;camera&quot;:&quot;&quot;,&quot;caption&quot;:&quot;&quot;,&quot;created_timestamp&quot;:&quot;0&quot;,&quot;copyright&quot;:&quot;&quot;,&quot;focal_length&quot;:&quot;0&quot;,&quot;iso&quot;:&quot;0&quot;,&quot;shutter_speed&quot;:&quot;0&quot;,&quot;title&quot;:&quot;&quot;,&quot;orientation&quot;:&quot;0&quot;}\" data-image-title=\"\" data-image-description=\"\" data-image-caption=\"\" data-large-file=\"https:\/\/luellarigaud.com\/wp-content\/uploads\/2017\/06\/006-1024x1020.jpg\" class=\" wp-image-705 aligncenter\" src=\"https:\/\/luellarigaud.com\/wp-content\/uploads\/2017\/06\/006.jpg?w=2048\" alt=\"\" width=\"559\" height=\"570\" \/><\/p>\n<h2>En bref<\/h2>\n<p>Artiste plasticienne, auteur, styliste, graphiste, illustratrice, photographe, mod\u00e8le, j&#8217;ai \u00e9tudi\u00e9 le graphisme au lyc\u00e9e Auguste Renoir, le stylisme et le mod\u00e9lisme \u00e0 l&#8217;\u00e9cole Mode&#8217;Estah et \u00e0 la Chambre Syndicale de la Couture Parisienne.<\/p>\n<ul>\n<li>Assistante graphiste chez Carole Peclers (Th\u00e9\u00e2tre de la Villette- 2004)<\/li>\n<li>Assistante stylisme chez Zapa (2006)<\/li>\n<li>Styliste infographiste chez Psssy (2006-2008)<\/li>\n<li>Assistante directrice artistique de Bastien de Almeida (Georgian Fashion week 2011)<\/li>\n<li>Exposition au BDA store (2012)<\/li>\n<li>Styliste photographe pour \u00ab\u00a0\u00c7a reste entre nous\u00a0\u00bb (2013)<\/li>\n<li>Graphiste 2D chez Wanda (Cartier, Thalys, YSL beaut\u00e9, le Book- 2015-2016)<\/li>\n<\/ul>\n<p>R\u00e9alisations en cours\u00a0: \u00ab Impostures\u00a0\u00bb\u00a0: R\u00e9flexions et cr\u00e9ations sur le transgenre, nudit\u00e9 et nature.<\/p>\n<h2><\/h2>\n<p>&nbsp;<\/p>\n<h2>Des projets ?<\/h2>\n<p>Besoin d&#8217;une artiste ? Pour une collaboration,\u00a0 la r\u00e9alisation d&#8217;illustrations, de textes, de mode, pour la cr\u00e9ation de d\u00e9cors, de motifs ?<\/p>\n<p>Besoin d&#8217;une auteur ?\u00a0 Pour raconter un \u00e9v\u00e9nement, un d\u00e9fil\u00e9, une histoire ?<\/p>\n<p>Besoin d&#8217;une styliste ? Pour un film, un court-m\u00e9trage, un clip, une pi\u00e8ce de th\u00e9\u00e2tre ? Une collection de mode, un d\u00e9fil\u00e9, un shooting ?<\/p>\n<p>Besoin d&#8217;une graphiste? Pour l&#8217;\u00e9dition, la publicit\u00e9, la communication, le design, la mode, le monde du spectacle ?<\/p>\n<p>N&#8217;h\u00e9sitez pas \u00e0 me contacter !<\/p>\n<p><a href=\"https:\/\/luellarigaud.wordpress.com\/accueil\/contact\/\">Contact<\/a><\/p>\n<p>&nbsp;<\/p>\n<p><a href=\"https:\/\/fashionbeyondfashion.com\/2012\/12\/18\/the-elegance-seen-by-luella\/\">Elegance seen by Luella<\/a><\/p>\n<p>&nbsp;<\/p>","protected":false},"excerpt":{"rendered":"<p>Ceci est un petit extrait destin\u00e9 \u00e0 la &nbsp;page \u00ab \u00c0 propos \u00bb.<\/p>\n","protected":false},"author":1,"featured_media":0,"parent":0,"menu_order":1,"comment_status":"closed","ping_status":"closed","template":"","meta":{"jetpack_post_was_ever_published":false,"footnotes":""},"class_list":["post-275","page","type-page","status-publish","hentry"],"jetpack_sharing_enabled":true,"jetpack_shortlink":"https:\/\/wp.me\/P9V5Vz-4r","jetpack-related-posts":[],"_links":{"self":[{"href":"https:\/\/luellarigaud.com\/en\/wp-json\/wp\/v2\/pages\/275","targetHints":{"allow":["GET"]}}],"collection":[{"href":"https:\/\/luellarigaud.com\/en\/wp-json\/wp\/v2\/pages"}],"about":[{"href":"https:\/\/luellarigaud.com\/en\/wp-json\/wp\/v2\/types\/page"}],"author":[{"embeddable":true,"href":"https:\/\/luellarigaud.com\/en\/wp-json\/wp\/v2\/users\/1"}],"replies":[{"embeddable":true,"href":"https:\/\/luellarigaud.com\/en\/wp-json\/wp\/v2\/comments?post=275"}],"version-history":[{"count":17,"href":"https:\/\/luellarigaud.com\/en\/wp-json\/wp\/v2\/pages\/275\/revisions"}],"predecessor-version":[{"id":2034,"href":"https:\/\/luellarigaud.com\/en\/wp-json\/wp\/v2\/pages\/275\/revisions\/2034"}],"wp:attachment":[{"href":"https:\/\/luellarigaud.com\/en\/wp-json\/wp\/v2\/media?parent=275"}],"curies":[{"name":"wp","href":"https:\/\/api.w.org\/{rel}","templated":true}]}}